{"id":141,"date":"2023-01-19T09:43:08","date_gmt":"2023-01-19T09:43:08","guid":{"rendered":"https:\/\/www.miguelangelpintors.com\/?page_id=141"},"modified":"2023-02-20T10:47:25","modified_gmt":"2023-02-20T10:47:25","slug":"politicas-de-privacidad","status":"publish","type":"page","link":"https:\/\/www.miguelangelpintors.com\/?page_id=141","title":{"rendered":"Pol\u00edticas de Privacidad"},"content":{"rendered":"\n<p>Miguel \u00c1ngel Fern\u00e1ndez Ara\u00faz, en aplicaci\u00f3n de la normativa vigente en materia de protecci\u00f3n de<br>datos de car\u00e1cter personal, informa que los datos personales que se recogen a trav\u00e9s de<br>los formularios del Sitio web: www.miguelangelpintors.com, se incluyen en los ficheros<br>automatizados espec\u00edficos de usuarios de los servicios de Miguel \u00c1ngel Fern\u00e1ndez Ara\u00faz<br>La recogida y tratamiento automatizado de los datos de car\u00e1cter personal tiene como<br>finalidad el mantenimiento de la relaci\u00f3n comercial y el desempe\u00f1o de tareas de<br>informaci\u00f3n, formaci\u00f3n, asesoramiento y otras actividades propias de Miguel \u00c1ngel Fern\u00e1ndez Ara\u00faz<br>Estos datos \u00fanicamente ser\u00e1n cedidos a aquellas entidades que sean necesarias con el<br>\u00fanico objetivo de dar cumplimiento a la finalidad anteriormente expuesta.<br>Miguel \u00c1ngel Fern\u00e1ndez Ara\u00faz adopta las medidas necesarias para garantizar la seguridad,<br>integridad y confidencialidad de los datos conforme a lo dispuesto en el Reglamento (UE)<br>2016\/679 del Parlamento Europeo y del Consejo, de 27 de abril de 2016, relativo a la<br>protecci\u00f3n de las personas f\u00edsicas en lo que respecta al tratamiento de datos personales y a<br>la libre circulaci\u00f3n de los mismos.<br>El usuario podr\u00e1 en cualquier momento ejercitar los derechos de acceso, oposici\u00f3n,<br>rectificaci\u00f3n y cancelaci\u00f3n reconocidos en el citado Reglamento (UE). El ejercicio de estos<br>derechos puede realizarlo el propio usuario a trav\u00e9s de email a: <a rel=\"noreferrer noopener\" href=\"mailto:miguelangel.pintors@gmail.com\" target=\"_blank\">miguelangel.pintors@gmail.com<\/a> o en la direcci\u00f3n: C\/Virgen del Pilar n\u00ba7 5-2 08420<br>El usuario manifiesta que todos los datos facilitados por \u00e9l son ciertos y correctos, y se<br>compromete a mantenerlos actualizados, comunicando los cambios a Miguel \u00c1ngel Fern\u00e1ndez Ara\u00faz<\/p>\n\n\n\n<p>Finalidad del tratamiento de los datos personales:<br>\u00bfCon qu\u00e9 finalidad trataremos tus datos personales?<br>En Miguel \u00c1ngel Fern\u00e1ndez Ara\u00faz, trataremos tus datos personales recabados a trav\u00e9s del Sitio<br>Web: www.miguelangelpintors.com, con las siguientes finalidades:<\/p>\n\n\n\n<ol class=\"wp-block-list\">\n<li>En caso de contrataci\u00f3n de los bienes y servicios ofertados a trav\u00e9s de<br>www.miguelangelpintors.com, para mantener la relaci\u00f3n contractual, as\u00ed como la<br>gesti\u00f3n, administraci\u00f3n, informaci\u00f3n, prestaci\u00f3n y mejora del servicio.<\/li>\n\n\n\n<li>Env\u00edo de informaci\u00f3n solicitada a trav\u00e9s de los formularios dispuestos en<br>www.miguelangelpintors.com<\/li>\n\n\n\n<li>Remitir boletines (newsletters), as\u00ed como comunicaciones comerciales de<br>promociones y\/o publicidad de Miguel \u00c1ngel Fern\u00e1ndez Ara\u00faz y del sector.<br>Te recordamos que puedes oponerte al env\u00edo de comunicaciones comerciales por cualquier<br>v\u00eda y en cualquier momento, remitiendo un correo electr\u00f3nico a la direcci\u00f3n indicada<br>anteriormente.<br>Los campos de dichos registros son de cumplimentaci\u00f3n obligatoria, siendo imposible<br>realizar las finalidades expresadas si no se aportan estos datos.<\/li>\n<\/ol>\n\n\n\n<p>\u00bfPor cu\u00e1nto tiempo se conservan los datos personales recabados?<br>Los datos personales proporcionados se conservar\u00e1n mientras se mantenga la relaci\u00f3n<br>comercial o no solicites su supresi\u00f3n y durante el plazo por el cu\u00e1l pudieran derivarse<br>responsabilidades legales por los servicios prestados.<\/p>\n\n\n\n<p>Legitimaci\u00f3n:<br>El tratamiento de tus datos se realiza con las siguientes bases jur\u00eddicas que legitiman el<br>mismo:<\/p>\n\n\n\n<ol class=\"wp-block-list\">\n<li>La solicitud de informaci\u00f3n y\/o la contrataci\u00f3n de los servicios de Miguel \u00c1ngel Fern\u00e1ndez Ara\u00faz, cuyos t\u00e9rminos y condiciones se pondr\u00e1n a tu disposici\u00f3n en todo caso,<br>de forma previa a una eventual contrataci\u00f3n.<\/li>\n\n\n\n<li>El consentimiento libre, espec\u00edfico, informado e inequ\u00edvoco, en tanto que te<br>informamos poniendo a tu disposici\u00f3n la presente pol\u00edtica de privacidad, que tras la<br>lectura de la misma, en caso de estar conforme, puedes aceptar mediante una<br>declaraci\u00f3n o una clara acci\u00f3n afirmativa, como el marcado de una casilla dispuesta<br>al efecto.<br>En caso de que no nos facilites tus datos o lo hagas de forma err\u00f3nea o incompleta, no<br>podremos atender tu solicitud, resultando del todo imposible proporcionarte la informaci\u00f3n<br>solicitada o llevar a cabo la contrataci\u00f3n de los servicios.<\/li>\n<\/ol>\n\n\n\n<p>Destinatarios:<br>Los datos no se comunicar\u00e1n a ning\u00fan tercero ajeno a Miguel \u00c1ngel Fern\u00e1ndez Ara\u00faz, salvo<br>obligaci\u00f3n legal.<\/p>\n\n\n\n<p>Datos recopilados por usuarios de los servicios:<br>En los casos en que el usuario incluya ficheros con datos de car\u00e1cter personal en los<br>servidores de alojamiento compartido, Miguel \u00c1ngel Fern\u00e1ndez Ara\u00faz no se hace responsable del<br>incumplimiento por parte del usuario del RGPD.<\/p>\n\n\n\n<p>Retenci\u00f3n de datos en conformidad a la LSSI:<br>Miguel \u00c1ngel Fern\u00e1ndez Ara\u00faz informa de que, como prestador de servicio de alojamiento de<br>datos y en virtud de lo establecido en la Ley 34\/2002 de 11 de julio de Servicios de la<br>Sociedad de la Informaci\u00f3n y de Comercio Electr\u00f3nico (LSSI), retiene por un periodo<br>m\u00e1ximo de 12 meses la informaci\u00f3n imprescindible para identificar el origen de los datos<br>alojados y el momento en que se inici\u00f3 la prestaci\u00f3n del servicio. La retenci\u00f3n de estos<br>datos no afecta al secreto de las comunicaciones y s\u00f3lo podr\u00e1n ser utilizados en el marco<br>de una investigaci\u00f3n criminal o para la salvaguardia de la seguridad p\u00fablica, poni\u00e9ndose a<br>disposici\u00f3n de los jueces y\/o tribunales o del Ministerio que as\u00ed los requiera.<br>La comunicaci\u00f3n de datos a las Fuerzas y Cuerpos del Estado se har\u00e1 en virtud a lo<br>dispuesto en la normativa sobre protecci\u00f3n de datos personales.<\/p>\n\n\n\n<p>Derechos propiedad intelectual de Miguel \u00c1ngel Fern\u00e1ndez Ara\u00faz:<br>Miguel \u00c1ngel Fern\u00e1ndez Ara\u00faz es titular de todos los derechos de autor, propiedad intelectual,<br>industrial, \u00abknow how\u00bb y cuantos otros derechos guardan relaci\u00f3n con los contenidos del<br>sitio web www.miguelangelpintors.com y los servicios ofertados en el mismo, as\u00ed como<br>de los programas necesarios para su implementaci\u00f3n y la informaci\u00f3n relacionada.<br>No se permite la reproducci\u00f3n, publicaci\u00f3n y\/o uso no estrictamente privado de los<br>contenidos, totales o parciales, del sitio web www.miguelangelpintors.com sin el<br>consentimiento previo y por escrito.<\/p>\n\n\n\n<p>Propiedad intelectual del software:<br>El usuario debe respetar los programas de terceros puestos a su disposici\u00f3n por<br>Miguel \u00c1ngel Fern\u00e1ndez Ara\u00faz, aun siendo gratuitos y\/o de disposici\u00f3n p\u00fablica.<br>Miguel \u00c1ngel Fern\u00e1ndez Ara\u00faz dispone de los derechos de explotaci\u00f3n y propiedad intelectual<br>necesarios del software.<br>El usuario no adquiere derecho alguno o licencia por el servicio contratado, sobre el<br>software necesario para la prestaci\u00f3n del servicio, ni tampoco sobre la informaci\u00f3n t\u00e9cnica<br>de seguimiento del servicio, excepci\u00f3n hecha de los derechos y licencias necesarios para el<br>cumplimiento de los servicios contratados y \u00fanicamente durante la duraci\u00f3n de los mismos.<br>Para toda actuaci\u00f3n que exceda del cumplimiento del contrato, el usuario necesitar\u00e1<br>autorizaci\u00f3n por escrito por parte de Miguel \u00c1ngel Fern\u00e1ndez Ara\u00faz, quedando prohibido al usuario<\/p>\n\n\n\n<p>acceder, modificar, visualizar la configuraci\u00f3n, estructura y ficheros de los servidores<br>propiedad de Miguel \u00c1ngel Fern\u00e1ndez Ara\u00faz, asumiendo la responsabilidad civil y penal derivada<br>de cualquier incidencia que se pudiera producir en los servidores y sistemas de seguridad<br>como consecuencia directa de una actuaci\u00f3n negligente o maliciosa por su parte.<\/p>\n\n\n\n<p>Propiedad intelectual de los contenidos alojados:<br>Se proh\u00edbe el uso contrario a la legislaci\u00f3n sobre propiedad intelectual de los servicios<br>prestados por Miguel \u00c1ngel Fern\u00e1ndez Ara\u00faz y, en particular de:<br>\u2022 La utilizaci\u00f3n que resulte contraria a las leyes espa\u00f1olas o que infrinja los derechos<br>de terceros.<br>\u2022 La publicaci\u00f3n o la transmisi\u00f3n de cualquier contenido que, a juicio de Miguel \u00c1ngel Fern\u00e1ndez Ara\u00faz, resulte violento, obsceno, abusivo, ilegal, racial, xen\u00f3fobo o<br>difamatorio.<br>\u2022 Los cracks, n\u00fameros de serie de programas o cualquier otro contenido que vulnere<br>derechos de la propiedad intelectual de terceros.<br>\u2022 La recogida y\/o utilizaci\u00f3n de datos personales de otros usuarios sin su<br>consentimiento expreso o contraviniendo lo dispuesto en Reglamento (UE) 2016\/679<br>del Parlamento Europeo y del Consejo, de 27 de abril de 2016, relativo a la<br>protecci\u00f3n de las personas f\u00edsicas en lo que respecta al tratamiento de datos<br>personales y a la libre circulaci\u00f3n de los mismos.<br>\u2022 La utilizaci\u00f3n del servidor de correo del dominio y de las direcciones de correo<br>electr\u00f3nico para el env\u00edo de correo masivo no deseado.<br>El usuario tiene toda la responsabilidad sobre el contenido de su web, la informaci\u00f3n<br>transmitida y almacenada, los enlaces de hipertexto, las reivindicaciones de terceros y las<br>acciones legales en referencia a propiedad intelectual, derechos de terceros y protecci\u00f3n de<br>menores.<br>El usuario es responsable respecto a las leyes y reglamentos en vigor y las reglas que<br>tienen que ver con el funcionamiento del servicio online, comercio electr\u00f3nico, derechos de<br>autor, mantenimiento del orden p\u00fablico, as\u00ed como principios universales de uso de Internet.<br>El usuario indemnizar\u00e1 a Miguel \u00c1ngel Fern\u00e1ndez Ara\u00faz por los gastos que generara la imputaci\u00f3n<br>de Miguel \u00c1ngel Fern\u00e1ndez Ara\u00faz en alguna causa cuya responsabilidad fuera atribuible al<br>usuario, incluidos honorarios y gastos de defensa jur\u00eddica, incluso en el caso de una<br>decisi\u00f3n judicial no definitiva.<\/p>\n\n\n\n<p>Protecci\u00f3n de la informaci\u00f3n alojada:<br>Miguel \u00c1ngel Fern\u00e1ndez Ara\u00faz realiza copias de seguridad de los contenidos alojados en sus<br>servidores, sin embargo no se responsabiliza de la p\u00e9rdida o el borrado accidental de los<\/p>\n\n\n\n<p>datos por parte de los usuarios. De igual manera, no garantiza la reposici\u00f3n total de los<br>datos borrados por los usuarios, ya que los citados datos podr\u00edan haber sido suprimidos y\/o<br>modificados durante el periodo del tiempo transcurrido desde la \u00faltima copia de seguridad.<br>Los servicios ofertados, excepto los servicios espec\u00edficos de backup, no incluyen la<br>reposici\u00f3n de los contenidos conservados en las copias de seguridad realizadas por<br>Miguel \u00c1ngel Fern\u00e1ndez Ara\u00faz, cuando esta p\u00e9rdida sea imputable al usuario; en este caso, se<br>determinar\u00e1 una tarifa acorde a la complejidad y volumen de la recuperaci\u00f3n, siempre<br>previa aceptaci\u00f3n del usuario.<br>La reposici\u00f3n de datos borrados s\u00f3lo est\u00e1 incluida en el precio del servicio cuando la<br>p\u00e9rdida del contenido sea debida a causas atribuibles a Miguel \u00c1ngel Fern\u00e1ndez Ara\u00faz<\/p>\n\n\n\n<p>Comunicaciones comerciales:<br>En aplicaci\u00f3n de la LSSI. Miguel \u00c1ngel Fern\u00e1ndez Ara\u00faz no enviar\u00e1 comunicaciones publicitarias o<br>promocionales por correo electr\u00f3nico u otro medio de comunicaci\u00f3n electr\u00f3nica equivalente<br>que previamente no hubieran sido solicitadas o expresamente autorizadas por los<br>destinatarios de las mismas.<br>En el caso de usuarios con los que exista una relaci\u00f3n contractual previa, Miguel \u00c1ngel Fern\u00e1ndez Ara\u00faz s\u00ed est\u00e1 autorizado al env\u00edo de comunicaciones comerciales referentes a<br>productos o servicios de Miguel \u00c1ngel Fern\u00e1ndez Ara\u00faz que sean similares a los que inicialmente<br>fueron objeto de contrataci\u00f3n con el cliente.<br>En todo caso, el usuario, tras acreditar su identidad, podr\u00e1 solicitar que no se le haga llegar<br>m\u00e1s informaci\u00f3n comercial a trav\u00e9s de los canales de Atenci\u00f3n al Cliente.<\/p>\n","protected":false},"excerpt":{"rendered":"<p>Miguel \u00c1ngel Fern\u00e1ndez Ara\u00faz, en aplicaci\u00f3n de la normativa vigente en materia de protecci\u00f3n dedatos de car\u00e1cter personal, informa que los datos personales que se recogen a trav\u00e9s delos formularios del Sitio web: www.miguelangelpintors.com, se incluyen en los ficherosautomatizados espec\u00edficos de usuarios de los servicios de Miguel \u00c1ngel Fern\u00e1ndez Ara\u00fazLa recogida y tratamiento automatizado de [&hellip;]<\/p>\n","protected":false},"author":1,"featured_media":0,"parent":0,"menu_order":0,"comment_status":"closed","ping_status":"closed","template":"","meta":{"footnotes":""},"class_list":["post-141","page","type-page","status-publish","hentry"],"yoast_head":"<!-- This site is optimized with the Yoast SEO plugin v22.5 - https:\/\/yoast.com\/wordpress\/plugins\/seo\/ -->\n<title>Pol\u00edticas de Privacidad - miguelangelpintors.com<\/title>\n<meta name=\"robots\" content=\"index, follow, max-snippet:-1, max-image-preview:large, max-video-preview:-1\" \/>\n<link rel=\"canonical\" href=\"https:\/\/www.miguelangelpintors.com\/?page_id=141\" \/>\n<meta property=\"og:locale\" content=\"es_ES\" \/>\n<meta property=\"og:type\" content=\"article\" \/>\n<meta property=\"og:title\" content=\"Pol\u00edticas de Privacidad - miguelangelpintors.com\" \/>\n<meta property=\"og:description\" content=\"Miguel \u00c1ngel Fern\u00e1ndez Ara\u00faz, en aplicaci\u00f3n de la normativa vigente en materia de protecci\u00f3n dedatos de car\u00e1cter personal, informa que los datos personales que se recogen a trav\u00e9s delos formularios del Sitio web: www.miguelangelpintors.com, se incluyen en los ficherosautomatizados espec\u00edficos de usuarios de los servicios de Miguel \u00c1ngel Fern\u00e1ndez Ara\u00fazLa recogida y tratamiento automatizado de [&hellip;]\" \/>\n<meta property=\"og:url\" content=\"https:\/\/www.miguelangelpintors.com\/?page_id=141\" \/>\n<meta property=\"og:site_name\" content=\"miguelangelpintors.com\" \/>\n<meta property=\"article:modified_time\" content=\"2023-02-20T10:47:25+00:00\" \/>\n<meta name=\"twitter:card\" content=\"summary_large_image\" \/>\n<meta name=\"twitter:label1\" content=\"Tiempo de lectura\" \/>\n\t<meta name=\"twitter:data1\" content=\"9 minutos\" \/>\n<script type=\"application\/ld+json\" class=\"yoast-schema-graph\">{\"@context\":\"https:\/\/schema.org\",\"@graph\":[{\"@type\":\"WebPage\",\"@id\":\"https:\/\/www.miguelangelpintors.com\/?page_id=141\",\"url\":\"https:\/\/www.miguelangelpintors.com\/?page_id=141\",\"name\":\"Pol\u00edticas de Privacidad - miguelangelpintors.com\",\"isPartOf\":{\"@id\":\"https:\/\/www.miguelangelpintors.com\/#website\"},\"datePublished\":\"2023-01-19T09:43:08+00:00\",\"dateModified\":\"2023-02-20T10:47:25+00:00\",\"breadcrumb\":{\"@id\":\"https:\/\/www.miguelangelpintors.com\/?page_id=141#breadcrumb\"},\"inLanguage\":\"es\",\"potentialAction\":[{\"@type\":\"ReadAction\",\"target\":[\"https:\/\/www.miguelangelpintors.com\/?page_id=141\"]}]},{\"@type\":\"BreadcrumbList\",\"@id\":\"https:\/\/www.miguelangelpintors.com\/?page_id=141#breadcrumb\",\"itemListElement\":[{\"@type\":\"ListItem\",\"position\":1,\"name\":\"Portada\",\"item\":\"https:\/\/www.miguelangelpintors.com\/\"},{\"@type\":\"ListItem\",\"position\":2,\"name\":\"Pol\u00edticas de Privacidad\"}]},{\"@type\":\"WebSite\",\"@id\":\"https:\/\/www.miguelangelpintors.com\/#website\",\"url\":\"https:\/\/www.miguelangelpintors.com\/\",\"name\":\"miguelangelpintors.com\",\"description\":\"Pintor de interiores y exteriores en Granollers\",\"potentialAction\":[{\"@type\":\"SearchAction\",\"target\":{\"@type\":\"EntryPoint\",\"urlTemplate\":\"https:\/\/www.miguelangelpintors.com\/?s={search_term_string}\"},\"query-input\":\"required name=search_term_string\"}],\"inLanguage\":\"es\"}]}<\/script>\n<!-- \/ Yoast SEO plugin. -->","yoast_head_json":{"title":"Pol\u00edticas de Privacidad - miguelangelpintors.com","robots":{"index":"index","follow":"follow","max-snippet":"max-snippet:-1","max-image-preview":"max-image-preview:large","max-video-preview":"max-video-preview:-1"},"canonical":"https:\/\/www.miguelangelpintors.com\/?page_id=141","og_locale":"es_ES","og_type":"article","og_title":"Pol\u00edticas de Privacidad - miguelangelpintors.com","og_description":"Miguel \u00c1ngel Fern\u00e1ndez Ara\u00faz, en aplicaci\u00f3n de la normativa vigente en materia de protecci\u00f3n dedatos de car\u00e1cter personal, informa que los datos personales que se recogen a trav\u00e9s delos formularios del Sitio web: www.miguelangelpintors.com, se incluyen en los ficherosautomatizados espec\u00edficos de usuarios de los servicios de Miguel \u00c1ngel Fern\u00e1ndez Ara\u00fazLa recogida y tratamiento automatizado de [&hellip;]","og_url":"https:\/\/www.miguelangelpintors.com\/?page_id=141","og_site_name":"miguelangelpintors.com","article_modified_time":"2023-02-20T10:47:25+00:00","twitter_card":"summary_large_image","twitter_misc":{"Tiempo de lectura":"9 minutos"},"schema":{"@context":"https:\/\/schema.org","@graph":[{"@type":"WebPage","@id":"https:\/\/www.miguelangelpintors.com\/?page_id=141","url":"https:\/\/www.miguelangelpintors.com\/?page_id=141","name":"Pol\u00edticas de Privacidad - miguelangelpintors.com","isPartOf":{"@id":"https:\/\/www.miguelangelpintors.com\/#website"},"datePublished":"2023-01-19T09:43:08+00:00","dateModified":"2023-02-20T10:47:25+00:00","breadcrumb":{"@id":"https:\/\/www.miguelangelpintors.com\/?page_id=141#breadcrumb"},"inLanguage":"es","potentialAction":[{"@type":"ReadAction","target":["https:\/\/www.miguelangelpintors.com\/?page_id=141"]}]},{"@type":"BreadcrumbList","@id":"https:\/\/www.miguelangelpintors.com\/?page_id=141#breadcrumb","itemListElement":[{"@type":"ListItem","position":1,"name":"Portada","item":"https:\/\/www.miguelangelpintors.com\/"},{"@type":"ListItem","position":2,"name":"Pol\u00edticas de Privacidad"}]},{"@type":"WebSite","@id":"https:\/\/www.miguelangelpintors.com\/#website","url":"https:\/\/www.miguelangelpintors.com\/","name":"miguelangelpintors.com","description":"Pintor de interiores y exteriores en Granollers","potentialAction":[{"@type":"SearchAction","target":{"@type":"EntryPoint","urlTemplate":"https:\/\/www.miguelangelpintors.com\/?s={search_term_string}"},"query-input":"required name=search_term_string"}],"inLanguage":"es"}]}},"_links":{"self":[{"href":"https:\/\/www.miguelangelpintors.com\/index.php?rest_route=\/wp\/v2\/pages\/141","targetHints":{"allow":["GET"]}}],"collection":[{"href":"https:\/\/www.miguelangelpintors.com\/index.php?rest_route=\/wp\/v2\/pages"}],"about":[{"href":"https:\/\/www.miguelangelpintors.com\/index.php?rest_route=\/wp\/v2\/types\/page"}],"author":[{"embeddable":true,"href":"https:\/\/www.miguelangelpintors.com\/index.php?rest_route=\/wp\/v2\/users\/1"}],"replies":[{"embeddable":true,"href":"https:\/\/www.miguelangelpintors.com\/index.php?rest_route=%2Fwp%2Fv2%2Fcomments&post=141"}],"version-history":[{"count":2,"href":"https:\/\/www.miguelangelpintors.com\/index.php?rest_route=\/wp\/v2\/pages\/141\/revisions"}],"predecessor-version":[{"id":420,"href":"https:\/\/www.miguelangelpintors.com\/index.php?rest_route=\/wp\/v2\/pages\/141\/revisions\/420"}],"wp:attachment":[{"href":"https:\/\/www.miguelangelpintors.com\/index.php?rest_route=%2Fwp%2Fv2%2Fmedia&parent=141"}],"curies":[{"name":"wp","href":"https:\/\/api.w.org\/{rel}","templated":true}]}}