{"id":137,"date":"2023-01-19T09:34:04","date_gmt":"2023-01-19T09:34:04","guid":{"rendered":"https:\/\/www.miguelangelpintors.com\/?page_id=137"},"modified":"2023-02-20T10:52:17","modified_gmt":"2023-02-20T10:52:17","slug":"aviso-legal","status":"publish","type":"page","link":"https:\/\/www.miguelangelpintors.com\/?page_id=137","title":{"rendered":"Aviso Legal"},"content":{"rendered":"\n<p>Miguel \u00c1ngel Fern\u00e1ndez Ara\u00faz provisto con NIF\/CIF 630532240, direcci\u00f3n C\/Virgen del Pilar n\u00ba7 5-2 08420, no puede asumir ninguna responsabilidad derivada del uso incorrecto, inapropiado o il\u00edcito de la informaci\u00f3n aparecida en la p\u00e1gina de Internet de www.miguelangelpintors.com<br>Con los l\u00edmites establecidos en la ley, Miguel \u00c1ngel Fern\u00e1ndez Ara\u00faz no asume ninguna<br>responsabilidad derivada de la falta de veracidad, integridad, actualizaci\u00f3n y precisi\u00f3n de<br>los datos o informaciones que se contienen en sus p\u00e1ginas de Internet.<br>Los contenidos e informaci\u00f3n no vinculan a Miguel \u00c1ngel Fern\u00e1ndez Ara\u00faz ni constituyen<br>opiniones, consejos o asesoramiento legal de ning\u00fan tipo pues se trata meramente de un<br>servicio ofrecido con car\u00e1cter informativo y divulgativo.<br>La p\u00e1gina de Internet de www.miguelangelpintors.com puede contener enlaces (links) a<br>otras p\u00e1ginas de terceras partes que Miguel \u00c1ngel Fern\u00e1ndez Ara\u00faz no puede controlar. Por lo<br>tanto, Miguel \u00c1ngel Fern\u00e1ndez Ara\u00faz no puede asumir responsabilidades por el contenido que<br>pueda aparecer en p\u00e1ginas de terceros.<br>Los textos, im\u00e1genes, sonidos, animaciones, software y el resto de contenidos incluidos en<br>este website son propiedad exclusiva de Miguel \u00c1ngel Fern\u00e1ndez Ara\u00faz o sus licenciantes.<br>Cualquier acto de transmisi\u00f3n, distribuci\u00f3n, cesi\u00f3n, reproducci\u00f3n, almacenamiento o<br>comunicaci\u00f3n p\u00fablica total o parcial, debe contar con el consentimiento expreso de<br>Miguel \u00c1ngel Fern\u00e1ndez Ara\u00faz<br>Asimismo, para acceder a algunos de los servicios que Miguel \u00c1ngel Fern\u00e1ndez Ara\u00faz ofrece a<br>trav\u00e9s del website deber\u00e1 proporcionar algunos datos de car\u00e1cter personal. En<br>cumplimiento de lo establecido en el Reglamento (UE) 2016\/679 del Parlamento Europeo y<br>del Consejo, de 27 de abril de 2016, relativo a la protecci\u00f3n de las personas f\u00edsicas en lo<br>que respecta al tratamiento de datos personales y a la libre circulaci\u00f3n de estos datos le<br>informamos que, mediante la cumplimentaci\u00f3n de los presentes formularios, sus datos<br>personales quedar\u00e1n incorporados y ser\u00e1n tratados en los ficheros de Miguel \u00c1ngel Fern\u00e1ndez Ara\u00faz con el fin de poderle prestar y ofrecer nuestros servicios as\u00ed como para<br>informarle de las mejoras del sitio Web. Asimismo, le informamos de la posibilidad de que<br>ejerza los derechos de acceso, rectificaci\u00f3n, cancelaci\u00f3n y oposici\u00f3n de sus datos de<br>car\u00e1cter personal, manera gratuita mediante email a <a rel=\"noreferrer noopener\" href=\"mailto:miguelangel.pintors@gmail.com\" target=\"_blank\">miguelangel.pintors@gmail.com<\/a> o en<br>la direcci\u00f3n C\/Virgen del Pilar n\u00ba7 5-2 08420<\/p>\n","protected":false},"excerpt":{"rendered":"<p>Miguel \u00c1ngel Fern\u00e1ndez Ara\u00faz provisto con NIF\/CIF 630532240, direcci\u00f3n C\/Virgen del Pilar n\u00ba7 5-2 08420, no puede asumir ninguna responsabilidad derivada del uso incorrecto, inapropiado o il\u00edcito de la informaci\u00f3n aparecida en la p\u00e1gina de Internet de www.miguelangelpintors.comCon los l\u00edmites establecidos en la ley, Miguel \u00c1ngel Fern\u00e1ndez Ara\u00faz no asume ningunaresponsabilidad derivada de la falta [&hellip;]<\/p>\n","protected":false},"author":1,"featured_media":0,"parent":0,"menu_order":0,"comment_status":"closed","ping_status":"closed","template":"","meta":{"footnotes":""},"class_list":["post-137","page","type-page","status-publish","hentry"],"yoast_head":"<!-- This site is optimized with the Yoast SEO plugin v22.5 - https:\/\/yoast.com\/wordpress\/plugins\/seo\/ -->\n<title>Aviso Legal - miguelangelpintors.com<\/title>\n<meta name=\"robots\" content=\"index, follow, max-snippet:-1, max-image-preview:large, max-video-preview:-1\" \/>\n<link rel=\"canonical\" href=\"https:\/\/www.miguelangelpintors.com\/?page_id=137\" \/>\n<meta property=\"og:locale\" content=\"es_ES\" \/>\n<meta property=\"og:type\" content=\"article\" \/>\n<meta property=\"og:title\" content=\"Aviso Legal - miguelangelpintors.com\" \/>\n<meta property=\"og:description\" content=\"Miguel \u00c1ngel Fern\u00e1ndez Ara\u00faz provisto con NIF\/CIF 630532240, direcci\u00f3n C\/Virgen del Pilar n\u00ba7 5-2 08420, no puede asumir ninguna responsabilidad derivada del uso incorrecto, inapropiado o il\u00edcito de la informaci\u00f3n aparecida en la p\u00e1gina de Internet de www.miguelangelpintors.comCon los l\u00edmites establecidos en la ley, Miguel \u00c1ngel Fern\u00e1ndez Ara\u00faz no asume ningunaresponsabilidad derivada de la falta [&hellip;]\" \/>\n<meta property=\"og:url\" content=\"https:\/\/www.miguelangelpintors.com\/?page_id=137\" \/>\n<meta property=\"og:site_name\" content=\"miguelangelpintors.com\" \/>\n<meta property=\"article:modified_time\" content=\"2023-02-20T10:52:17+00:00\" \/>\n<meta name=\"twitter:card\" content=\"summary_large_image\" \/>\n<meta name=\"twitter:label1\" content=\"Tiempo de lectura\" \/>\n\t<meta name=\"twitter:data1\" content=\"2 minutos\" \/>\n<script type=\"application\/ld+json\" class=\"yoast-schema-graph\">{\"@context\":\"https:\/\/schema.org\",\"@graph\":[{\"@type\":\"WebPage\",\"@id\":\"https:\/\/www.miguelangelpintors.com\/?page_id=137\",\"url\":\"https:\/\/www.miguelangelpintors.com\/?page_id=137\",\"name\":\"Aviso Legal - miguelangelpintors.com\",\"isPartOf\":{\"@id\":\"https:\/\/www.miguelangelpintors.com\/#website\"},\"datePublished\":\"2023-01-19T09:34:04+00:00\",\"dateModified\":\"2023-02-20T10:52:17+00:00\",\"breadcrumb\":{\"@id\":\"https:\/\/www.miguelangelpintors.com\/?page_id=137#breadcrumb\"},\"inLanguage\":\"es\",\"potentialAction\":[{\"@type\":\"ReadAction\",\"target\":[\"https:\/\/www.miguelangelpintors.com\/?page_id=137\"]}]},{\"@type\":\"BreadcrumbList\",\"@id\":\"https:\/\/www.miguelangelpintors.com\/?page_id=137#breadcrumb\",\"itemListElement\":[{\"@type\":\"ListItem\",\"position\":1,\"name\":\"Portada\",\"item\":\"https:\/\/www.miguelangelpintors.com\/\"},{\"@type\":\"ListItem\",\"position\":2,\"name\":\"Aviso Legal\"}]},{\"@type\":\"WebSite\",\"@id\":\"https:\/\/www.miguelangelpintors.com\/#website\",\"url\":\"https:\/\/www.miguelangelpintors.com\/\",\"name\":\"miguelangelpintors.com\",\"description\":\"Pintor de interiores y exteriores en Granollers\",\"potentialAction\":[{\"@type\":\"SearchAction\",\"target\":{\"@type\":\"EntryPoint\",\"urlTemplate\":\"https:\/\/www.miguelangelpintors.com\/?s={search_term_string}\"},\"query-input\":\"required name=search_term_string\"}],\"inLanguage\":\"es\"}]}<\/script>\n<!-- \/ Yoast SEO plugin. -->","yoast_head_json":{"title":"Aviso Legal - miguelangelpintors.com","robots":{"index":"index","follow":"follow","max-snippet":"max-snippet:-1","max-image-preview":"max-image-preview:large","max-video-preview":"max-video-preview:-1"},"canonical":"https:\/\/www.miguelangelpintors.com\/?page_id=137","og_locale":"es_ES","og_type":"article","og_title":"Aviso Legal - miguelangelpintors.com","og_description":"Miguel \u00c1ngel Fern\u00e1ndez Ara\u00faz provisto con NIF\/CIF 630532240, direcci\u00f3n C\/Virgen del Pilar n\u00ba7 5-2 08420, no puede asumir ninguna responsabilidad derivada del uso incorrecto, inapropiado o il\u00edcito de la informaci\u00f3n aparecida en la p\u00e1gina de Internet de www.miguelangelpintors.comCon los l\u00edmites establecidos en la ley, Miguel \u00c1ngel Fern\u00e1ndez Ara\u00faz no asume ningunaresponsabilidad derivada de la falta [&hellip;]","og_url":"https:\/\/www.miguelangelpintors.com\/?page_id=137","og_site_name":"miguelangelpintors.com","article_modified_time":"2023-02-20T10:52:17+00:00","twitter_card":"summary_large_image","twitter_misc":{"Tiempo de lectura":"2 minutos"},"schema":{"@context":"https:\/\/schema.org","@graph":[{"@type":"WebPage","@id":"https:\/\/www.miguelangelpintors.com\/?page_id=137","url":"https:\/\/www.miguelangelpintors.com\/?page_id=137","name":"Aviso Legal - miguelangelpintors.com","isPartOf":{"@id":"https:\/\/www.miguelangelpintors.com\/#website"},"datePublished":"2023-01-19T09:34:04+00:00","dateModified":"2023-02-20T10:52:17+00:00","breadcrumb":{"@id":"https:\/\/www.miguelangelpintors.com\/?page_id=137#breadcrumb"},"inLanguage":"es","potentialAction":[{"@type":"ReadAction","target":["https:\/\/www.miguelangelpintors.com\/?page_id=137"]}]},{"@type":"BreadcrumbList","@id":"https:\/\/www.miguelangelpintors.com\/?page_id=137#breadcrumb","itemListElement":[{"@type":"ListItem","position":1,"name":"Portada","item":"https:\/\/www.miguelangelpintors.com\/"},{"@type":"ListItem","position":2,"name":"Aviso Legal"}]},{"@type":"WebSite","@id":"https:\/\/www.miguelangelpintors.com\/#website","url":"https:\/\/www.miguelangelpintors.com\/","name":"miguelangelpintors.com","description":"Pintor de interiores y exteriores en Granollers","potentialAction":[{"@type":"SearchAction","target":{"@type":"EntryPoint","urlTemplate":"https:\/\/www.miguelangelpintors.com\/?s={search_term_string}"},"query-input":"required name=search_term_string"}],"inLanguage":"es"}]}},"_links":{"self":[{"href":"https:\/\/www.miguelangelpintors.com\/index.php?rest_route=\/wp\/v2\/pages\/137","targetHints":{"allow":["GET"]}}],"collection":[{"href":"https:\/\/www.miguelangelpintors.com\/index.php?rest_route=\/wp\/v2\/pages"}],"about":[{"href":"https:\/\/www.miguelangelpintors.com\/index.php?rest_route=\/wp\/v2\/types\/page"}],"author":[{"embeddable":true,"href":"https:\/\/www.miguelangelpintors.com\/index.php?rest_route=\/wp\/v2\/users\/1"}],"replies":[{"embeddable":true,"href":"https:\/\/www.miguelangelpintors.com\/index.php?rest_route=%2Fwp%2Fv2%2Fcomments&post=137"}],"version-history":[{"count":4,"href":"https:\/\/www.miguelangelpintors.com\/index.php?rest_route=\/wp\/v2\/pages\/137\/revisions"}],"predecessor-version":[{"id":423,"href":"https:\/\/www.miguelangelpintors.com\/index.php?rest_route=\/wp\/v2\/pages\/137\/revisions\/423"}],"wp:attachment":[{"href":"https:\/\/www.miguelangelpintors.com\/index.php?rest_route=%2Fwp%2Fv2%2Fmedia&parent=137"}],"curies":[{"name":"wp","href":"https:\/\/api.w.org\/{rel}","templated":true}]}}